{"id":12554,"date":"2021-11-16T13:40:25","date_gmt":"2021-11-16T13:40:25","guid":{"rendered":"https:\/\/telc.hu\/late-registration-for-language-exam\/"},"modified":"2026-04-06T06:46:59","modified_gmt":"2026-04-06T06:46:59","slug":"late-registration-for-language-exam","status":"publish","type":"page","link":"https:\/\/telc.hu\/en\/late-registration-for-language-exam\/","title":{"rendered":"Late registration for language exam"},"content":{"rendered":"\t\t<div data-elementor-type=\"wp-page\" data-elementor-id=\"12554\" class=\"elementor elementor-12554 elementor-12147\" data-elementor-post-type=\"page\">\n\t\t\t\t\t\t<section class=\"elementor-section elementor-top-section elementor-element elementor-element-e642ff5 elementor-section-boxed elementor-section-height-default elementor-section-height-default\" data-id=\"e642ff5\" data-element_type=\"section\" data-e-type=\"section\" data-settings=\"{&quot;background_background&quot;:&quot;gradient&quot;}\">\n\t\t\t\t\t\t\t<div class=\"elementor-background-overlay\"><\/div>\n\t\t\t\t\t\t\t<div class=\"elementor-container elementor-column-gap-default\">\n\t\t\t\t\t<div class=\"elementor-column elementor-col-100 elementor-top-column elementor-element elementor-element-32f1f1e\" data-id=\"32f1f1e\" data-element_type=\"column\" data-e-type=\"column\">\n\t\t\t<div class=\"elementor-widget-wrap elementor-element-populated\">\n\t\t\t\t\t\t<div class=\"elementor-element elementor-element-4c240b3 elementor-widget elementor-widget-heading\" data-id=\"4c240b3\" data-element_type=\"widget\" data-e-type=\"widget\" data-widget_type=\"heading.default\">\n\t\t\t\t\t\t<div class=\"elementor-widget-container\">\n\t\t\t\t\t<h1 class=\"elementor-heading-title elementor-size-default\">Late registration for language exam<\/h1>\t\t\t\t<\/div>\n\t\t\t\t<\/div>\n\t\t\t\t<div class=\"elementor-element elementor-element-f251e11 elementor-widget elementor-widget-global elementor-global-22995 elementor-global-21277 elementor-widget-heading\" data-id=\"f251e11\" data-element_type=\"widget\" data-e-type=\"widget\" data-widget_type=\"heading.default\">\n\t\t\t\t\t\t<div class=\"elementor-widget-container\">\n\t\t\t\t\t<h2 class=\"elementor-heading-title elementor-size-default\">MAY 30, 2026<\/h2>\t\t\t\t<\/div>\n\t\t\t\t<\/div>\n\t\t\t\t<div class=\"elementor-element elementor-element-25b7149 elementor-widget elementor-widget-heading\" data-id=\"25b7149\" data-element_type=\"widget\" data-e-type=\"widget\" data-widget_type=\"heading.default\">\n\t\t\t\t\t\t<div class=\"elementor-widget-container\">\n\t\t\t\t\t<h5 class=\"elementor-heading-title elementor-size-default\">Deadline for late registration:<\/h5>\t\t\t\t<\/div>\n\t\t\t\t<\/div>\n\t\t\t\t<div class=\"elementor-element elementor-element-9535a86 elementor-widget elementor-widget-heading\" data-id=\"9535a86\" data-element_type=\"widget\" data-e-type=\"widget\" data-widget_type=\"heading.default\">\n\t\t\t\t\t\t<div class=\"elementor-widget-container\">\n\t\t\t\t\t<h5 class=\"elementor-heading-title elementor-size-default\">MAY 8, 2026<\/h5>\t\t\t\t<\/div>\n\t\t\t\t<\/div>\n\t\t\t\t<div class=\"elementor-element elementor-element-01d26af elementor-align-center elementor-mobile-align-center elementor-hidden-tablet elementor-hidden-desktop elementor-hidden-mobile elementor-icon-list--layout-traditional elementor-list-item-link-full_width elementor-widget elementor-widget-icon-list\" data-id=\"01d26af\" data-element_type=\"widget\" data-e-type=\"widget\" data-widget_type=\"icon-list.default\">\n\t\t\t\t\t\t<div class=\"elementor-widget-container\">\n\t\t\t\t\t\t\t<ul class=\"elementor-icon-list-items\">\n\t\t\t\t\t\t\t<li class=\"elementor-icon-list-item\">\n\t\t\t\t\t\t\t\t\t\t<span class=\"elementor-icon-list-text\">Registration for classroom computer-based and<\/span>\n\t\t\t\t\t\t\t\t\t<\/li>\n\t\t\t\t\t\t\t\t<li class=\"elementor-icon-list-item\">\n\t\t\t\t\t\t\t\t\t\t<span class=\"elementor-icon-list-text\">online examination: 19th August<\/span>\n\t\t\t\t\t\t\t\t\t<\/li>\n\t\t\t\t\t\t<\/ul>\n\t\t\t\t\t\t<\/div>\n\t\t\t\t<\/div>\n\t\t\t\t<div class=\"elementor-element elementor-element-177ba24c elementor-hidden-tablet elementor-hidden-phone uael-countdown-show-seconds-yes uael-countdown-label-block uael-countdown-shape-square uael-countdown-separator-wrapper-yes uael-countdown-border-solid uael-countdown-responsive-no elementor-widget elementor-widget-uael-countdown\" data-id=\"177ba24c\" data-element_type=\"widget\" data-e-type=\"widget\" data-widget_type=\"uael-countdown.default\">\n\t\t\t\t\t\t<div class=\"elementor-widget-container\">\n\t\t\t\t\t\t\t<div class=\"uael-countdown-wrapper countdown-active\" data-countdown-type=\"fixed\" data-timer-labels=\"custom\" data-animation=\"\" data-timer-days=\"DAY\" data-timer-hours=\"HOUR \" data-timer-minutes=\"MINUTE\" data-timer-seconds=\"SECOND\" data-due-date=\"1778284740\" data-expire-action=\"none\">\n\t\t\t<div class=\"uael-countdown-items-wrapper\" >\n\t\t\t\t\t\t\t\t\t\t\t<div class=\"uael-countdown-days uael-item\">\n\t\t\t\t\t\t\t<span id=\"days-wrapper-177ba24c\" class='uael-countdown-days-wrapper-177ba24c uael-countdown-item'>\n\t\t\t\t\t\t\t\t\t\t\t\t\t\t\t<\/span>\n\t\t\t\t\t\t\t\t\t\t\t\t\t\t\t<span id=\"days-label-wrapper-177ba24c\" class='uael-countdown-days-label-177ba24c uael-item-label'>\n\t\t\t\t\t\t\t\t<\/span>\n\t\t\t\t\t\t\t\t\t\t\t\t\t<\/div>\n\t\t\t\t\t\t\t\t\t\t\t\t\t<div class=\"uael-countdown-separator uael-countdown-days-separator\"> : <\/div>\n\t\t\t\t\t\t\t\t\t\t\t\t\t\t\t\t\t<div class=\"uael-countdown-hours uael-item\">\n\t\t\t\t\t\t\t<span id=\"hours-wrapper-177ba24c\" class='uael-countdown-hours-wrapper-177ba24c uael-countdown-item'>\n\t\t\t\t\t\t\t\t\t\t\t\t\t\t\t<\/span>\n\t\t\t\t\t\t\t\t\t\t\t\t\t\t\t<span id=\"hours-label-wrapper-177ba24c\" class='uael-countdown-hours-label-177ba24c uael-item-label'>\n\t\t\t\t\t\t\t\t<\/span>\n\t\t\t\t\t\t\t\t\t\t\t\t\t<\/div>\n\t\t\t\t\t\t\t\t\t\t\t\t\t<div class=\"uael-countdown-separator uael-countdown-hours-separator\"> : <\/div>\n\t\t\t\t\t\t\t\t\t\t\t\t\t\t\t\t\t<div class=\"uael-countdown-minutes uael-item\">\n\t\t\t\t\t\t\t<span id=\"minutes-wrapper-177ba24c\" class='uael-countdown-minutes-wrapper-177ba24c uael-countdown-item'>\n\t\t\t\t\t\t\t\t\t\t\t\t\t\t\t<\/span>\n\t\t\t\t\t\t\t\t\t\t\t\t\t\t\t<span id=\"minutes-label-wrapper-177ba24c\" class='uael-countdown-minutes-label-177ba24c uael-item-label'>\n\t\t\t\t\t\t\t\t<\/span>\n\t\t\t\t\t\t\t\t\t\t\t\t\t<\/div>\n\t\t\t\t\t\t\t\t\t\t\t\t\t<div class=\"uael-countdown-separator uael-countdown-minutes-separator\"> : <\/div>\n\t\t\t\t\t\t\t\t\t\t\t\t\t\t\t\t\t<div class=\"uael-countdown-seconds uael-item\">\n\t\t\t\t\t\t\t<span id=\"seconds-wrapper-177ba24c\" class='uael-countdown-seconds-wrapper-177ba24c uael-countdown-item'>\n\t\t\t\t\t\t\t\t\t\t\t\t\t\t\t<\/span>\n\t\t\t\t\t\t\t\t\t\t\t\t\t\t\t<span id=\"seconds-label-wrapper-177ba24c\" class='uael-countdown-seconds-label-177ba24c uael-item-label'>\n\t\t\t\t\t\t\t\t<\/span>\n\t\t\t\t\t\t\t\t\t\t\t\t\t<\/div>\n\t\t\t\t\t\t\t\t\t\t\t\t\t\t\t\t<div class=\"uael-expire-message-wrapper\">\n\t\t\t\t\t\t<div class='uael-expire-show-message'><\/div>\n\t\t\t\t\t<\/div>\n\t\t\t<\/div>\n\t\t<\/div>\n\t\t\t\t\t\t<\/div>\n\t\t\t\t<\/div>\n\t\t\t\t<div class=\"elementor-element elementor-element-5dd8828 elementor-align-center elementor-widget elementor-widget-button\" data-id=\"5dd8828\" data-element_type=\"widget\" data-e-type=\"widget\" data-widget_type=\"button.default\">\n\t\t\t\t\t\t<div class=\"elementor-widget-container\">\n\t\t\t\t\t\t\t\t\t<div class=\"elementor-button-wrapper\">\n\t\t\t\t\t<a class=\"elementor-button elementor-button-link elementor-size-md elementor-animation-grow\" href=\"https:\/\/telc.nyelvvizsgajelentkezes.hu\/\" target=\"_blank\">\n\t\t\t\t\t\t<span class=\"elementor-button-content-wrapper\">\n\t\t\t\t\t\t<span class=\"elementor-button-icon\">\n\t\t\t\t<i aria-hidden=\"true\" class=\"fas fa-angle-right\"><\/i>\t\t\t<\/span>\n\t\t\t\t\t\t\t\t\t<span class=\"elementor-button-text\">I REGISTER ONLINE NOW<\/span>\n\t\t\t\t\t<\/span>\n\t\t\t\t\t<\/a>\n\t\t\t\t<\/div>\n\t\t\t\t\t\t\t\t<\/div>\n\t\t\t\t<\/div>\n\t\t\t\t\t<\/div>\n\t\t<\/div>\n\t\t\t\t\t<\/div>\n\t\t<\/section>\n\t\t\t\t<section class=\"elementor-section elementor-top-section elementor-element elementor-element-a70982f elementor-section-stretched elementor-section-boxed elementor-section-height-default elementor-section-height-default\" data-id=\"a70982f\" data-element_type=\"section\" data-e-type=\"section\" data-settings=\"{&quot;background_background&quot;:&quot;classic&quot;,&quot;stretch_section&quot;:&quot;section-stretched&quot;}\">\n\t\t\t\t\t\t\t<div class=\"elementor-background-overlay\"><\/div>\n\t\t\t\t\t\t\t<div class=\"elementor-container elementor-column-gap-no\">\n\t\t\t\t\t<div class=\"elementor-column elementor-col-100 elementor-top-column elementor-element elementor-element-f7fc104\" data-id=\"f7fc104\" data-element_type=\"column\" data-e-type=\"column\">\n\t\t\t<div class=\"elementor-widget-wrap elementor-element-populated\">\n\t\t\t\t\t\t<div class=\"elementor-element elementor-element-c8c84ac elementor-widget elementor-widget-text-editor\" data-id=\"c8c84ac\" data-element_type=\"widget\" data-e-type=\"widget\" data-widget_type=\"text-editor.default\">\n\t\t\t\t\t\t<div class=\"elementor-widget-container\">\n\t\t\t\t\t\t\t\t\t<p><a href=\"https:\/\/telc.hu\/en\/\">Home<\/a><span style=\"color: #a81411;\"> \u00a0<strong>\u203a <span style=\"text-decoration: underline;\">Late registration for language exam<\/span><\/strong><\/span><\/p>\n\t\t\t\t\t\t\t\t<\/div>\n\t\t\t\t<\/div>\n\t\t\t\t\t<\/div>\n\t\t<\/div>\n\t\t\t\t\t<\/div>\n\t\t<\/section>\n\t\t\t\t<section class=\"elementor-section elementor-top-section elementor-element elementor-element-9ff3af9 elementor-section-stretched elementor-section-boxed elementor-section-height-default elementor-section-height-default\" data-id=\"9ff3af9\" data-element_type=\"section\" data-e-type=\"section\" data-settings=\"{&quot;background_background&quot;:&quot;classic&quot;,&quot;stretch_section&quot;:&quot;section-stretched&quot;}\">\n\t\t\t\t\t\t\t<div class=\"elementor-background-overlay\"><\/div>\n\t\t\t\t\t\t\t<div class=\"elementor-container elementor-column-gap-no\">\n\t\t\t\t\t<div class=\"elementor-column elementor-col-100 elementor-top-column elementor-element elementor-element-3f8dd8d\" data-id=\"3f8dd8d\" data-element_type=\"column\" data-e-type=\"column\">\n\t\t\t<div class=\"elementor-widget-wrap elementor-element-populated\">\n\t\t\t\t\t\t<div class=\"elementor-element elementor-element-9dfbcbf elementor-widget elementor-widget-heading\" data-id=\"9dfbcbf\" data-element_type=\"widget\" data-e-type=\"widget\" data-widget_type=\"heading.default\">\n\t\t\t\t\t\t<div class=\"elementor-widget-container\">\n\t\t\t\t\t<h2 class=\"elementor-heading-title elementor-size-default\">What should you know about late registration?<\/h2>\t\t\t\t<\/div>\n\t\t\t\t<\/div>\n\t\t\t\t<div class=\"elementor-element elementor-element-5fad75e elementor-widget elementor-widget-text-editor\" data-id=\"5fad75e\" data-element_type=\"widget\" data-e-type=\"widget\" data-widget_type=\"text-editor.default\">\n\t\t\t\t\t\t<div class=\"elementor-widget-container\">\n\t\t\t\t\t\t\t\t\t<p>Candidates may register for exam after the registration deadline, until the 22nd day before the exam date. An additional fee is charged for late registrations.<\/p>\n<p>You do not need to submit an additional request.<\/p>\n<p>After the application \u00a0deadline\u00a0candidates \u00a0will receive an email about their registration. Ten days before the exam they will be informed of the exact venue and time of the written and oral exams.<\/p>\n<p>A few days before the exam a reminder will be sent out by our system.<\/p>\n<p>A few days before the exam a reminder e-mail notification will be sent to the candidates.<\/p>\n<p>Special needs (e.g mobility difficulties, dyslexia, etc.) will be considered when assigning applicants to the exams.<\/p>\n<p>Following the exams,candidates will receive an e-mail notification regarding the publication of results and the issuance of certificates.<\/p>\n<p>Late registration fee: 0 HUF<\/p>\n\t\t\t\t\t\t\t\t<\/div>\n\t\t\t\t<\/div>\n\t\t\t\t<div class=\"elementor-element elementor-element-4616685 elementor-mobile-align-justify elementor-widget elementor-widget-button\" data-id=\"4616685\" data-element_type=\"widget\" data-e-type=\"widget\" data-widget_type=\"button.default\">\n\t\t\t\t\t\t<div class=\"elementor-widget-container\">\n\t\t\t\t\t\t\t\t\t<div class=\"elementor-button-wrapper\">\n\t\t\t\t\t<a class=\"elementor-button elementor-button-link elementor-size-lg\" href=\"https:\/\/telc.hu\/en\/examination-dates\/\">\n\t\t\t\t\t\t<span class=\"elementor-button-content-wrapper\">\n\t\t\t\t\t\t<span class=\"elementor-button-icon\">\n\t\t\t\t<i aria-hidden=\"true\" class=\"fas fa-angle-right\"><\/i>\t\t\t<\/span>\n\t\t\t\t\t\t\t\t\t<span class=\"elementor-button-text\">I REGISTER ONLINE NOW<\/span>\n\t\t\t\t\t<\/span>\n\t\t\t\t\t<\/a>\n\t\t\t\t<\/div>\n\t\t\t\t\t\t\t\t<\/div>\n\t\t\t\t<\/div>\n\t\t\t\t\t<\/div>\n\t\t<\/div>\n\t\t\t\t\t<\/div>\n\t\t<\/section>\n\t\t\t\t<section class=\"elementor-section elementor-top-section elementor-element elementor-element-2cf0c45 elementor-section-stretched elementor-section-boxed elementor-section-height-default elementor-section-height-default\" data-id=\"2cf0c45\" data-element_type=\"section\" data-e-type=\"section\" data-settings=\"{&quot;background_background&quot;:&quot;classic&quot;,&quot;stretch_section&quot;:&quot;section-stretched&quot;}\">\n\t\t\t\t\t\t<div class=\"elementor-container elementor-column-gap-no\">\n\t\t\t\t\t<div class=\"elementor-column elementor-col-100 elementor-top-column elementor-element elementor-element-26d6c48\" data-id=\"26d6c48\" data-element_type=\"column\" data-e-type=\"column\" data-settings=\"{&quot;background_background&quot;:&quot;classic&quot;}\">\n\t\t\t<div class=\"elementor-widget-wrap elementor-element-populated\">\n\t\t\t\t\t<div class=\"elementor-background-overlay\"><\/div>\n\t\t\t\t\t\t<section class=\"elementor-section elementor-inner-section elementor-element elementor-element-56c4f0b elementor-section-full_width elementor-section-height-default elementor-section-height-default\" data-id=\"56c4f0b\" data-element_type=\"section\" data-e-type=\"section\">\n\t\t\t\t\t\t<div class=\"elementor-container elementor-column-gap-default\">\n\t\t\t\t\t<div class=\"elementor-column elementor-col-50 elementor-inner-column elementor-element elementor-element-1a43e8d\" data-id=\"1a43e8d\" data-element_type=\"column\" data-e-type=\"column\" data-settings=\"{&quot;background_background&quot;:&quot;classic&quot;}\">\n\t\t\t<div class=\"elementor-widget-wrap elementor-element-populated\">\n\t\t\t\t\t\t<div class=\"elementor-element elementor-element-1ff858a elementor-widget elementor-widget-heading\" data-id=\"1ff858a\" data-element_type=\"widget\" data-e-type=\"widget\" data-widget_type=\"heading.default\">\n\t\t\t\t\t\t<div class=\"elementor-widget-container\">\n\t\t\t\t\t<h4 class=\"elementor-heading-title elementor-size-default\">Contact us:<\/h4>\t\t\t\t<\/div>\n\t\t\t\t<\/div>\n\t\t\t\t<div class=\"elementor-element elementor-element-e82211d fluentform-widget-submit-button-full-width fluent-form-widget-step-header-yes fluent-form-widget-step-progressbar-yes elementor-widget elementor-widget-global elementor-global-15196 elementor-widget-fluent-form-widget\" data-id=\"e82211d\" data-element_type=\"widget\" data-e-type=\"widget\" data-widget_type=\"fluent-form-widget.default\">\n\t\t\t\t\t\t<div class=\"elementor-widget-container\">\n\t\t\t\t\t\n            <div class=\"fluentform-widget-wrapper hide-fluent-form-labels fluentform-widget-custom-radio-checkbox fluentform-widget-align-default\">\n\n            \n            <div class='fluentform ff-default fluentform_wrapper_1 ffs_default_wrap'><form data-form_id=\"1\" id=\"fluentform_1\" class=\"frm-fluent-form fluent_form_1 ff-el-form-top ff_form_instance_1_1 ff-form-loading ffs_default\" data-form_instance=\"ff_form_instance_1_1\" method=\"POST\" ><fieldset  style=\"border: none!important;margin: 0!important;padding: 0!important;background-color: transparent!important;box-shadow: none!important;outline: none!important; min-inline-size: 100%;\">\n                    <legend class=\"ff_screen_reader_title\" style=\"display: block; margin: 0!important;padding: 0!important;height: 0!important;text-indent: -999999px;width: 0!important;overflow:hidden;\">Kapcsolati \u0170rlap<\/legend><input type='hidden' name='__fluent_form_embded_post_id' value='12554' \/><input type=\"hidden\" id=\"_fluentform_1_fluentformnonce\" name=\"_fluentform_1_fluentformnonce\" value=\"88e1bf4f5c\" \/><input type=\"hidden\" name=\"_wp_http_referer\" value=\"\/en\/wp-json\/wp\/v2\/pages\/12554\" \/><div data-type=\"name-element\" data-name=\"names\" class=\" ff-field_container ff-name-field-wrapper\" ><div class='ff-t-container'><div class='ff-t-cell '><div class='ff-el-group'><div class=\"ff-el-input--label ff-el-is-required asterisk-right\"><label for='ff_1_names_middle_name_' id='label_ff_1_names_middle_name_' >N\u00e9v:<\/label><\/div><div class='ff-el-input--content'><input type=\"text\" name=\"names[middle_name]\" id=\"ff_1_names_middle_name_\" class=\"ff-el-form-control\" placeholder=\"N\u00e9v: *\" aria-invalid=\"false\" aria-required=true><\/div><\/div><\/div><\/div><\/div><div data-name=\"ff_cn_id_1\"  class='ff-t-container ff-column-container ff_columns_total_2 '><div class='ff-t-cell ff-t-column-1' style='flex-basis: 50%;'><div class='ff-el-group'><div class=\"ff-el-input--label ff-el-is-required asterisk-right\"><label for='ff_1_email' id='label_ff_1_email' aria-label=\"Email:\">Email:<\/label><\/div><div class='ff-el-input--content'><input type=\"email\" name=\"email\" id=\"ff_1_email\" class=\"ff-el-form-control\" placeholder=\"Email: *\" data-name=\"email\"  aria-invalid=\"false\" aria-required=true><\/div><\/div><\/div><div class='ff-t-cell ff-t-column-2' style='flex-basis: 50%;'><div class='ff-el-group'><div class=\"ff-el-input--label asterisk-right\"><label for='ff_1_phone' id='label_ff_1_phone' aria-label=\"Telefonsz\u00e1m:\">Telefonsz\u00e1m:<\/label><\/div><div class='ff-el-input--content'><input name=\"phone\" class=\"ff-el-form-control ff-el-phone\" type=\"tel\" placeholder=\"Telefonsz\u00e1m:\" data-name=\"phone\" id=\"ff_1_phone\" inputmode=\"tel\"  aria-invalid='false' aria-required=false><\/div><\/div><\/div><\/div><div class='ff-el-group'><div class=\"ff-el-input--label ff-el-is-required asterisk-right\"><label for='ff_1_message' id='label_ff_1_message' aria-label=\"\u00dczenet:\">\u00dczenet:<\/label><\/div><div class='ff-el-input--content'><textarea aria-required=\"true\" aria-labelledby=\"label_ff_1_message\" name=\"message\" id=\"ff_1_message\" class=\"ff-el-form-control\" placeholder=\"\u00dczenet: *\" rows=\"4\" cols=\"2\" data-name=\"message\" ><\/textarea><\/div><\/div><div class='ff-el-group    ff-el-input--content'><div class='ff-el-form-check ff-el-tc'><label aria-label='Terms and Conditions: *\u00a0Kijelentem, hogy az\u00a0Adatv\u00e9delmi Nyilatkozatot\u00a0megismertem \u00e9s elfogadom, hozz\u00e1j\u00e1rulok.\n Contains 1 link. Use tab navigation to review.' class='ff-el-form-check-label ff_tc_label' for=gdpr-agreement_6abe2458b33cfb733794a85d0a31b36d><span class='ff_tc_checkbox'><input type=\"checkbox\" name=\"gdpr-agreement\" class=\"ff-el-form-check-input ff_gdpr_field\" data-name=\"gdpr-agreement\" id=\"gdpr-agreement_6abe2458b33cfb733794a85d0a31b36d\"  value='on' aria-invalid='false' aria-required=true><\/span> <div class='ff_t_c'><p><span style=\"color: #ff0000\"><strong>*\u00a0<\/strong><\/span>Kijelentem, hogy az\u00a0<a href=\"https:\/\/telc.hu\/adatvedelem\/\">Adatv\u00e9delmi Nyilatkozatot<\/a>\u00a0megismertem \u00e9s elfogadom, hozz\u00e1j\u00e1rulok.<\/p>\n<\/div><\/label><\/div><\/div><div class='ff-el-group    ff-el-input--content'><div class='ff-el-form-check ff-el-tc'><label aria-label='A checkbox kipip\u00e1l\u00e1s\u00e1val - az Eur\u00f3pai Parlament \u00e9s a Tan\u00e1cs (EU) 2016\/679 sz\u00e1m\u00fa rendelet\u00e9nek (a tov\u00e1bbiakban: \u201eGDPR\u201d) 6. cikk (1) bekezd\u00e9s a) pontja, tov\u00e1bb\u00e1 a 7. cikk rendelkez\u00e9se alapj\u00e1n - hozz\u00e1j\u00e1rulok, hogy a telc Hungary nonprofit Kft. a most megadott szem\u00e9lyes adataimat a GDPR, tov\u00e1bb\u00e1 a weboldalon elhelyezett adatkezel\u00e9si t\u00e1j\u00e9koztat\u00f3j\u00e1nak felt\u00e9telei szerint kezelje. Tudom\u00e1sul veszem, hogy a GDPR 7. cikk (3) bekezd\u00e9se szerint a hozz\u00e1j\u00e1rul\u00e1somat b\u00e1rmikor visszavonhatom.' class='ff-el-form-check-label ff_tc_label' for=adatvedelem_2c979ebb8c41077393046c8a3c90d23a><span class='ff_tc_checkbox'><input type=\"checkbox\" name=\"adatvedelem\" class=\"ff-el-form-check-input ff_gdpr_field\" data-name=\"adatvedelem\" id=\"adatvedelem_2c979ebb8c41077393046c8a3c90d23a\"  value='on' aria-invalid='false' aria-required=true><\/span> <div class='ff_t_c'>A checkbox kipip\u00e1l\u00e1s\u00e1val - az Eur\u00f3pai Parlament \u00e9s a Tan\u00e1cs (EU) 2016\/679 sz\u00e1m\u00fa rendelet\u00e9nek (a tov\u00e1bbiakban: \u201eGDPR\u201d) 6. cikk (1) bekezd\u00e9s a) pontja, tov\u00e1bb\u00e1 a 7. cikk rendelkez\u00e9se alapj\u00e1n - hozz\u00e1j\u00e1rulok, hogy a telc Hungary nonprofit Kft. a most megadott szem\u00e9lyes adataimat a GDPR, tov\u00e1bb\u00e1 a weboldalon elhelyezett adatkezel\u00e9si t\u00e1j\u00e9koztat\u00f3j\u00e1nak felt\u00e9telei szerint kezelje. Tudom\u00e1sul veszem, hogy a GDPR 7. cikk (3) bekezd\u00e9se szerint a hozz\u00e1j\u00e1rul\u00e1somat b\u00e1rmikor visszavonhatom.<\/div><\/label><\/div><\/div><div class='ff-el-group ' ><div class='ff-el-input--content'><div data-fluent_id='1' name='g-recaptcha-response'><div\n\t\tdata-sitekey='6Lc5zCoaAAAAABakQ-r7UkqQztDl0JRwOg1wrAd1'\n\t\tid='fluentform-recaptcha-1-1'\n\t\tclass='ff-el-recaptcha g-recaptcha'\n\t\tdata-callback='fluentFormrecaptchaSuccessCallback'><\/div><\/div><\/div><\/div><div class='ff-el-group ff-text-left ff_submit_btn_wrapper'><button type=\"submit\" class=\"ff-btn ff-btn-submit ff-btn-md ff_btn_style\"  aria-label=\"\u00dczenet k\u00fcld\u00e9se\">\u00dczenet k\u00fcld\u00e9se<\/button><\/div><\/fieldset><\/form><div id='fluentform_1_errors' class='ff-errors-in-stack ff_form_instance_1_1 ff-form-loading_errors ff_form_instance_1_1_errors'><\/div><\/div>            <script type=\"text\/javascript\">\n                window.fluent_form_ff_form_instance_1_1 = {\"id\":\"1\",\"ajaxUrl\":\"https:\\\/\\\/telc.hu\\\/wp-admin\\\/admin-ajax.php\",\"settings\":{\"layout\":{\"labelPlacement\":\"top\",\"helpMessagePlacement\":\"with_label\",\"errorMessagePlacement\":\"inline\",\"cssClassName\":\"\",\"asteriskPlacement\":\"asterisk-right\"},\"restrictions\":{\"denyEmptySubmission\":{\"enabled\":false}}},\"form_instance\":\"ff_form_instance_1_1\",\"form_id_selector\":\"fluentform_1\",\"rules\":{\"names[first_name]\":{\"required\":{\"value\":false,\"message\":\"This field is required\"}},\"names[middle_name]\":{\"required\":{\"value\":true,\"message\":\"Adja meg a nev\\u00e9t!\"}},\"names[last_name]\":{\"required\":{\"value\":false,\"message\":\"This field is required\"}},\"email\":{\"required\":{\"value\":true,\"message\":\"K\\u00e9rem adja meg az e-mail c\\u00edm\\u00e9t!\"},\"email\":{\"value\":true,\"message\":\"This field must contain a valid email\"}},\"phone\":{\"required\":{\"value\":false,\"message\":\"This field is required\"},\"valid_phone_number\":{\"value\":false,\"message\":\"Phone number is not valid\"}},\"message\":{\"required\":{\"value\":true,\"message\":\"K\\u00e9rem t\\u00f6ltse ki!\"}},\"gdpr-agreement\":{\"required\":{\"value\":true,\"message\":\"Az adatv\\u00e9delmet nem fogadta el!\"}},\"adatvedelem\":{\"required\":{\"value\":true,\"message\":\"Az adatv\\u00e9delmet nem fogadta el!\"}},\"g-recaptcha-response\":[]},\"debounce_time\":300};\n                            <\/script>\n                        <\/div>\n\n            \t\t\t\t<\/div>\n\t\t\t\t<\/div>\n\t\t\t\t\t<\/div>\n\t\t<\/div>\n\t\t\t\t<div class=\"elementor-column elementor-col-50 elementor-inner-column elementor-element elementor-element-1a635fd\" data-id=\"1a635fd\" data-element_type=\"column\" data-e-type=\"column\">\n\t\t\t<div class=\"elementor-widget-wrap\">\n\t\t\t\t\t\t\t<\/div>\n\t\t<\/div>\n\t\t\t\t\t<\/div>\n\t\t<\/section>\n\t\t\t\t\t<\/div>\n\t\t<\/div>\n\t\t\t\t\t<\/div>\n\t\t<\/section>\n\t\t\t\t<\/div>\n\t\t","protected":false},"excerpt":{"rendered":"<p>Late registration for language exam 2026. m\u00e1jus 30. Deadline for late registration: MAY 8, 2026 Registration for classroom computer-based and online examination: 19th August : : : I REGISTER ONLINE NOW Home \u00a0\u203a Late registration for language exam What should you know about late registration? Candidates may register for exam after the registration deadline, until [&hellip;]<\/p>\n","protected":false},"author":2,"featured_media":0,"parent":0,"menu_order":0,"comment_status":"closed","ping_status":"closed","template":"","meta":{"_seopress_robots_primary_cat":"","_seopress_titles_title":"Late registration for language exam - TELC","_seopress_titles_desc":"Candidates may register for exam even after the registration deadline, until the 22nd day before the exam date.\u00a0 An additional fee is charged for late registrations. You do not need to submit an additional request.","_seopress_robots_index":"","footnotes":""},"class_list":["post-12554","page","type-page","status-publish","hentry"],"_links":{"self":[{"href":"https:\/\/telc.hu\/en\/wp-json\/wp\/v2\/pages\/12554","targetHints":{"allow":["GET"]}}],"collection":[{"href":"https:\/\/telc.hu\/en\/wp-json\/wp\/v2\/pages"}],"about":[{"href":"https:\/\/telc.hu\/en\/wp-json\/wp\/v2\/types\/page"}],"author":[{"embeddable":true,"href":"https:\/\/telc.hu\/en\/wp-json\/wp\/v2\/users\/2"}],"replies":[{"embeddable":true,"href":"https:\/\/telc.hu\/en\/wp-json\/wp\/v2\/comments?post=12554"}],"version-history":[{"count":80,"href":"https:\/\/telc.hu\/en\/wp-json\/wp\/v2\/pages\/12554\/revisions"}],"predecessor-version":[{"id":46463,"href":"https:\/\/telc.hu\/en\/wp-json\/wp\/v2\/pages\/12554\/revisions\/46463"}],"wp:attachment":[{"href":"https:\/\/telc.hu\/en\/wp-json\/wp\/v2\/media?parent=12554"}],"curies":[{"name":"wp","href":"https:\/\/api.w.org\/{rel}","templated":true}]}}